{"id":356,"date":"2018-01-31T17:41:28","date_gmt":"2018-01-31T17:41:28","guid":{"rendered":"http:\/\/casadoriocharmsuites.com\/sobre\/?lang=fr"},"modified":"2018-06-15T15:41:30","modified_gmt":"2018-06-15T15:41:30","slug":"a-propos","status":"publish","type":"page","link":"https:\/\/www.casadoriocharmsuites.com\/fr\/a-propos\/","title":{"rendered":"\u00c1 Propos"},"content":{"rendered":"<p>[vc_row css_animation=&#8221;&#8221; row_type=&#8221;row&#8221; use_row_as_full_screen_section=&#8221;no&#8221; type=&#8221;full_width&#8221; angled_section=&#8221;no&#8221; text_align=&#8221;left&#8221; background_image_as_pattern=&#8221;without_pattern&#8221;][vc_column][rev_slider_vc alias=&#8221;sobre&#8221;][\/vc_column][\/vc_row][vc_row css_animation=&#8221;&#8221; row_type=&#8221;row&#8221; use_row_as_full_screen_section=&#8221;no&#8221; type=&#8221;grid&#8221; angled_section=&#8221;no&#8221; text_align=&#8221;left&#8221; background_image=&#8221;74&#8243; background_image_as_pattern=&#8221;without_pattern&#8221; css=&#8221;.vc_custom_1528218812206{margin-top: -200px !important;padding-top: 300px !important;padding-bottom: 100px !important;background-color: #edede3 !important;}&#8221;][vc_column width=&#8221;1\/6&#8243;][\/vc_column][vc_column width=&#8221;4\/6&#8243;][vc_column_text el_id=&#8221;caixavermelha&#8221;]<span style=\"color: #ffffff;\">Situ\u00e9e sur la Pra\u00e7a da Rep\u00fablica, en plein c\u0153ur de Vila do Conde, et offrant une vue superbe sur le fleuve Ave et le majestueux Couvent de Santa Clara, la Casa do Rio Charm Suites est un havre de paix id\u00e9al pour un week-end en amoureux ou pour se reposer apr\u00e8s une semaine de travail.<\/span><\/p>\n<p>&nbsp;<\/p>\n<p><span style=\"color: #ffffff;\">On y respire la tranquillit\u00e9, la nature et la po\u00e9sie. Dans les 5 suites, qui portent le nom d\u2019\u0153uvres de Jos\u00e9 R\u00e9gio, po\u00e8te n\u00e9 \u00e0 Vila do Conde, tradition et modernit\u00e9 se c\u00f4toient dans une parfaite harmonie pour vous procurer des moments uniques. Certaines chambres disposent d\u2019un salon et toutes sont \u00e9quip\u00e9es d\u2019une t\u00e9l\u00e9vision \u00e0 \u00e9cran plat LCD et d\u2019une connexion Wi-Fi. La terrasse et le balcon vous invitent \u00e0 boire un verre ou un th\u00e9 pour vous relaxer.<\/span><\/p>\n<p>&nbsp;<\/p>\n<p><span style=\"color: #ffffff;\">Nous mettons \u00e0 la disposition de nos clients un peignoir, des chaussons et des produits d\u2019accueil afin qu\u2019ils puissent b\u00e9n\u00e9ficier d\u2019un confort optimal.\u00a0 Et pour qu\u2019ils se sentent comme chez eux, nous leur pr\u00e9parons un petit d\u00e9jeuner vari\u00e9 et riche en produits r\u00e9gionaux.<\/span><\/p>\n<p>&nbsp;<\/p>\n<p><span style=\"color: #ffffff;\">\u00c9tant donn\u00e9 que Vila do Conde est fortement ax\u00e9e sur la pratique du sport, ceux qui nous rendent visite auront la possibilit\u00e9 de pratiquer des activit\u00e9s nautiques et de b\u00e9n\u00e9ficier d\u2019un service de v\u00e9los partag\u00e9s pour mieux d\u00e9couvrir la municipalit\u00e9 et son histoire.<\/span><\/p>\n<p>&nbsp;<\/p>\n<p><span style=\"color: #ffffff;\">Destination touristique par excellence, o\u00f9 les plages et le fleuve sont d\u2019une beaut\u00e9 \u00e9blouissante, Vila do Conde se veut d\u2019\u00eatre un port orient\u00e9 vers le monde. La Casa do Rio tire ainsi parti de la proximit\u00e9 \u00e0 d\u2019autres grands centres urbains et sites d\u2019int\u00e9r\u00eat\u00a0: nous sommes \u00e0 5 km du casino de P\u00f3voa de Varzim, \u00e0 28 km de Porto (et \u00e0 21 km de l\u2019a\u00e9roport international Francisco S\u00e1 Carneiro), \u00e0 49 km de Braga et \u00e0 50 km de Viana do Castelo.<\/span>[\/vc_column_text][\/vc_column][vc_column width=&#8221;1\/6&#8243;][\/vc_column][\/vc_row]<\/p>\n","protected":false},"excerpt":{"rendered":"<p>[vc_row css_animation=&#8221;&#8221; row_type=&#8221;row&#8221; use_row_as_full_screen_section=&#8221;no&#8221; type=&#8221;full_width&#8221; angled_section=&#8221;no&#8221; text_align=&#8221;left&#8221; background_image_as_pattern=&#8221;without_pattern&#8221;][vc_column][rev_slider_vc alias=&#8221;sobre&#8221;][\/vc_column][\/vc_row][vc_row css_animation=&#8221;&#8221; row_type=&#8221;row&#8221; use_row_as_full_screen_section=&#8221;no&#8221; type=&#8221;grid&#8221; angled_section=&#8221;no&#8221; text_align=&#8221;left&#8221; background_image=&#8221;74&#8243; background_image_as_pattern=&#8221;without_pattern&#8221; css=&#8221;.vc_custom_1528218812206{margin-top: -200px !important;padding-top: 300px !important;padding-bottom: 100px !important;background-color: #edede3 !important;}&#8221;][vc_column width=&#8221;1\/6&#8243;][\/vc_column][vc_column width=&#8221;4\/6&#8243;][vc_column_text el_id=&#8221;caixavermelha&#8221;]Situ\u00e9e sur la Pra\u00e7a da Rep\u00fablica, en plein c\u0153ur de Vila do Conde, et offrant une vue&#8230;<\/p>\n","protected":false},"author":1,"featured_media":0,"parent":0,"menu_order":0,"comment_status":"closed","ping_status":"closed","template":"full_width.php","meta":{"footnotes":""},"class_list":["post-356","page","type-page","status-publish","hentry"],"_links":{"self":[{"href":"https:\/\/www.casadoriocharmsuites.com\/fr\/wp-json\/wp\/v2\/pages\/356","targetHints":{"allow":["GET"]}}],"collection":[{"href":"https:\/\/www.casadoriocharmsuites.com\/fr\/wp-json\/wp\/v2\/pages"}],"about":[{"href":"https:\/\/www.casadoriocharmsuites.com\/fr\/wp-json\/wp\/v2\/types\/page"}],"author":[{"embeddable":true,"href":"https:\/\/www.casadoriocharmsuites.com\/fr\/wp-json\/wp\/v2\/users\/1"}],"replies":[{"embeddable":true,"href":"https:\/\/www.casadoriocharmsuites.com\/fr\/wp-json\/wp\/v2\/comments?post=356"}],"version-history":[{"count":4,"href":"https:\/\/www.casadoriocharmsuites.com\/fr\/wp-json\/wp\/v2\/pages\/356\/revisions"}],"predecessor-version":[{"id":688,"href":"https:\/\/www.casadoriocharmsuites.com\/fr\/wp-json\/wp\/v2\/pages\/356\/revisions\/688"}],"wp:attachment":[{"href":"https:\/\/www.casadoriocharmsuites.com\/fr\/wp-json\/wp\/v2\/media?parent=356"}],"curies":[{"name":"wp","href":"https:\/\/api.w.org\/{rel}","templated":true}]}}