{"id":354,"date":"2018-02-15T11:49:13","date_gmt":"2018-02-15T11:49:13","guid":{"rendered":"http:\/\/casadoriocharmsuites.com\/quartos\/?lang=fr"},"modified":"2018-06-15T15:12:47","modified_gmt":"2018-06-15T15:12:47","slug":"suites","status":"publish","type":"page","link":"https:\/\/www.casadoriocharmsuites.com\/fr\/suites\/","title":{"rendered":"Suites"},"content":{"rendered":"<p>[vc_row css_animation=&#8221;&#8221; row_type=&#8221;row&#8221; use_row_as_full_screen_section=&#8221;no&#8221; type=&#8221;grid&#8221; angled_section=&#8221;no&#8221; text_align=&#8221;left&#8221; background_image_as_pattern=&#8221;without_pattern&#8221; css=&#8221;.vc_custom_1529075667329{padding-top: 50px !important;}&#8221;][vc_column][vc_column_text]<\/p>\n<h1 style=\"text-align: center;\">Suites<\/h1>\n<p>[\/vc_column_text][\/vc_column][\/vc_row][vc_row css_animation=&#8221;&#8221; row_type=&#8221;row&#8221; use_row_as_full_screen_section=&#8221;no&#8221; type=&#8221;grid&#8221; angled_section=&#8221;no&#8221; text_align=&#8221;left&#8221; background_image_as_pattern=&#8221;without_pattern&#8221; css=&#8221;.vc_custom_1518696986828{padding-top: 50px !important;padding-bottom: 50px !important;}&#8221;][vc_column][vc_single_image image=&#8221;104&#8243; img_size=&#8221;full&#8221; alignment=&#8221;center&#8221; qode_css_animation=&#8221;&#8221;][\/vc_column][\/vc_row][vc_row css_animation=&#8221;&#8221; row_type=&#8221;row&#8221; use_row_as_full_screen_section=&#8221;no&#8221; type=&#8221;full_width&#8221; angled_section=&#8221;no&#8221; text_align=&#8221;left&#8221; background_image_as_pattern=&#8221;without_pattern&#8221; el_id=&#8221;quartos_full&#8221; css=&#8221;.vc_custom_1518697561811{margin-top: 0px !important;margin-bottom: 0px !important;border-top-width: 0px !important;border-bottom-width: 0px !important;padding-top: 0px !important;padding-bottom: 0px !important;}&#8221;][vc_column][vc_row_inner row_type=&#8221;row&#8221; type=&#8221;full_width&#8221; text_align=&#8221;left&#8221; css_animation=&#8221;&#8221;][vc_column_inner width=&#8221;1\/12&#8243;][\/vc_column_inner][vc_column_inner width=&#8221;10\/12&#8243; css=&#8221;.vc_custom_1511377333055{padding-bottom: 35px !important;}&#8221;][vc_masonry_grid post_type=&#8221;post&#8221; max_items=&#8221;10&#8243; element_width=&#8221;12&#8243; gap=&#8221;35&#8243; item=&#8221;521&#8243; grid_id=&#8221;vc_gid:1529075654108-6388700d-94f3-1&#8243; taxonomies=&#8221;3, 4&#8243;][\/vc_column_inner][vc_column_inner width=&#8221;1\/12&#8243;][\/vc_column_inner][\/vc_row_inner][\/vc_column][\/vc_row][vc_row css_animation=&#8221;&#8221; row_type=&#8221;row&#8221; use_row_as_full_screen_section=&#8221;no&#8221; type=&#8221;grid&#8221; angled_section=&#8221;no&#8221; text_align=&#8221;left&#8221; background_image_as_pattern=&#8221;without_pattern&#8221; el_id=&#8221;quartos_mobile&#8221;][vc_column][vc_masonry_grid post_type=&#8221;post&#8221; max_items=&#8221;10&#8243; element_width=&#8221;6&#8243; gap=&#8221;35&#8243; item=&#8221;515&#8243; grid_id=&#8221;vc_gid:1529075654112-5b2c0d89-c2ab-9&#8243; taxonomies=&#8221;3, 4&#8243;][\/vc_column][\/vc_row][vc_row css_animation=&#8221;&#8221; row_type=&#8221;row&#8221; use_row_as_full_screen_section=&#8221;no&#8221; type=&#8221;grid&#8221; angled_section=&#8221;no&#8221; text_align=&#8221;left&#8221; background_image_as_pattern=&#8221;without_pattern&#8221; css=&#8221;.vc_custom_1518696986828{padding-top: 50px !important;padding-bottom: 50px !important;}&#8221;][vc_column][vc_single_image image=&#8221;105&#8243; img_size=&#8221;full&#8221; alignment=&#8221;center&#8221; qode_css_animation=&#8221;&#8221;][\/vc_column][\/vc_row][vc_row css_animation=&#8221;&#8221; row_type=&#8221;row&#8221; use_row_as_full_screen_section=&#8221;no&#8221; type=&#8221;grid&#8221; angled_section=&#8221;no&#8221; text_align=&#8221;left&#8221; background_image_as_pattern=&#8221;without_pattern&#8221; css=&#8221;.vc_custom_1518687654018{padding-bottom: 50px !important;}&#8221;][vc_column]<div class='testimonials_holder clearfix '><div class=\"testimonials testimonials_carousel\" data-show-navigation=\"no\" data-animation-type=\"fade\" data-animation-speed=\"\" data-auto-rotate-slides=\"10\" data-number-per-slide=\"1\"><ul class=\"slides\"><li id=\"testimonials371\" class=\"testimonial_content\"><div class=\"testimonial_content_inner\"><div class=\"testimonial_text_holder\"><div class=\"testimonial_text_inner\" style=\"color: #a39169;\"><p style='color:#a39169;'>\u201cInstallations neuves, d\u00e9cor\u00e9es avec de bons mat\u00e9riaux et un extr\u00eame bon go\u00fbt. La serrure \u00e0 codes est tr\u00e8s pratique, cela \u00e9vite d\u2019avoir des cl\u00e9s. Personnel tr\u00e8s sympathique. \u201c<\/p><p class=\"testimonial_author\" style=\"color: #a39169;color: #a39169;\">Ant\u00f3nio, Portugal<\/p><\/div><\/div><\/div><\/li><li id=\"testimonials373\" class=\"testimonial_content\"><div class=\"testimonial_content_inner\"><div class=\"testimonial_text_holder\"><div class=\"testimonial_text_inner\" style=\"color: #a39169;\"><p style='color:#a39169;'>\u201cCet h\u00f4tel est neuf et tr\u00e8s agr\u00e9able. Emplacement magnifique, jolie vue et installations luxueuses. Le personnel tr\u00e8s sympathique nous a pr\u00e9par\u00e9 un petit d\u00e9jeuner t\u00f4t le matin car nous faisions le chemin portugais. \u201d<\/p><p class=\"testimonial_author\" style=\"color: #a39169;color: #a39169;\"> Andrew, Australia<\/p><\/div><\/div><\/div><\/li><li id=\"testimonials376\" class=\"testimonial_content\"><div class=\"testimonial_content_inner\"><div class=\"testimonial_text_holder\"><div class=\"testimonial_text_inner\" style=\"color: #a39169;\"><p style='color:#a39169;'>\u201cH\u00f4tes charmants, propri\u00e9t\u00e9 magnifique, emplacement excellent. \u201d<\/p><p class=\"testimonial_author\" style=\"color: #a39169;color: #a39169;\"> Meirav, Canada<\/p><\/div><\/div><\/div><\/li><li id=\"testimonials378\" class=\"testimonial_content\"><div class=\"testimonial_content_inner\"><div class=\"testimonial_text_holder\"><div class=\"testimonial_text_inner\" style=\"color: #a39169;\"><p style='color:#a39169;'>\u201cEmplacement tranquille, h\u00f4tel id\u00e9al pour fuir le stress, parfait pour des nuits romantiques.\"<\/p><p class=\"testimonial_author\" style=\"color: #a39169;color: #a39169;\">Hugo, Portugal<\/p><\/div><\/div><\/div><\/li><li id=\"testimonials380\" class=\"testimonial_content\"><div class=\"testimonial_content_inner\"><div class=\"testimonial_text_holder\"><div class=\"testimonial_text_inner\" style=\"color: #a39169;\"><p style='color:#a39169;'>\u201cLes deux employ\u00e9es et les propri\u00e9taires sont tr\u00e8s sympathiques et aux petits soins pour les clients. Un espace raffin\u00e9, d\u00e9cor\u00e9 avec tr\u00e8s bon go\u00fbt, dans un concept diff\u00e9rent. Id\u00e9al pour se reposer apr\u00e8s une semaine de travail ! Sans aucun doute une exp\u00e9rience \u00e0 r\u00e9p\u00e9ter. Emplacement excellent !\u201d<\/p><p class=\"testimonial_author\" style=\"color: #a39169;color: #a39169;\">Irene, Portugal<\/p><\/div><\/div><\/div><\/li><\/ul><\/div><\/div>[\/vc_column][\/vc_row][vc_row css_animation=&#8221;&#8221; row_type=&#8221;row&#8221; use_row_as_full_screen_section=&#8221;no&#8221; type=&#8221;full_width&#8221; angled_section=&#8221;no&#8221; text_align=&#8221;left&#8221; background_image_as_pattern=&#8221;without_pattern&#8221; css=&#8221;.vc_custom_1511433849562{background-color: #edede3 !important;}&#8221;][vc_column][vc_column_text][wpgmza id=&#8221;1&#8243;][\/vc_column_text][\/vc_column][\/vc_row]<\/p>\n","protected":false},"excerpt":{"rendered":"<p>[vc_row css_animation=&#8221;&#8221; row_type=&#8221;row&#8221; use_row_as_full_screen_section=&#8221;no&#8221; type=&#8221;grid&#8221; angled_section=&#8221;no&#8221; text_align=&#8221;left&#8221; background_image_as_pattern=&#8221;without_pattern&#8221; css=&#8221;.vc_custom_1529075667329{padding-top: 50px !important;}&#8221;][vc_column][vc_column_text] Suites [\/vc_column_text][\/vc_column][\/vc_row][vc_row css_animation=&#8221;&#8221; row_type=&#8221;row&#8221; use_row_as_full_screen_section=&#8221;no&#8221; type=&#8221;grid&#8221; angled_section=&#8221;no&#8221; text_align=&#8221;left&#8221; background_image_as_pattern=&#8221;without_pattern&#8221; css=&#8221;.vc_custom_1518696986828{padding-top: 50px !important;padding-bottom: 50px !important;}&#8221;][vc_column][vc_single_image image=&#8221;104&#8243; img_size=&#8221;full&#8221; alignment=&#8221;center&#8221; qode_css_animation=&#8221;&#8221;][\/vc_column][\/vc_row][vc_row css_animation=&#8221;&#8221; row_type=&#8221;row&#8221; use_row_as_full_screen_section=&#8221;no&#8221; type=&#8221;full_width&#8221; angled_section=&#8221;no&#8221; text_align=&#8221;left&#8221; background_image_as_pattern=&#8221;without_pattern&#8221; el_id=&#8221;quartos_full&#8221; css=&#8221;.vc_custom_1518697561811{margin-top: 0px !important;margin-bottom: 0px !important;border-top-width: 0px !important;border-bottom-width: 0px&#8230;<\/p>\n","protected":false},"author":1,"featured_media":0,"parent":0,"menu_order":0,"comment_status":"closed","ping_status":"closed","template":"full_width.php","meta":{"footnotes":""},"class_list":["post-354","page","type-page","status-publish","hentry"],"_links":{"self":[{"href":"https:\/\/www.casadoriocharmsuites.com\/fr\/wp-json\/wp\/v2\/pages\/354","targetHints":{"allow":["GET"]}}],"collection":[{"href":"https:\/\/www.casadoriocharmsuites.com\/fr\/wp-json\/wp\/v2\/pages"}],"about":[{"href":"https:\/\/www.casadoriocharmsuites.com\/fr\/wp-json\/wp\/v2\/types\/page"}],"author":[{"embeddable":true,"href":"https:\/\/www.casadoriocharmsuites.com\/fr\/wp-json\/wp\/v2\/users\/1"}],"replies":[{"embeddable":true,"href":"https:\/\/www.casadoriocharmsuites.com\/fr\/wp-json\/wp\/v2\/comments?post=354"}],"version-history":[{"count":4,"href":"https:\/\/www.casadoriocharmsuites.com\/fr\/wp-json\/wp\/v2\/pages\/354\/revisions"}],"predecessor-version":[{"id":693,"href":"https:\/\/www.casadoriocharmsuites.com\/fr\/wp-json\/wp\/v2\/pages\/354\/revisions\/693"}],"wp:attachment":[{"href":"https:\/\/www.casadoriocharmsuites.com\/fr\/wp-json\/wp\/v2\/media?parent=354"}],"curies":[{"name":"wp","href":"https:\/\/api.w.org\/{rel}","templated":true}]}}